{"id":744,"date":"2021-05-05T16:00:18","date_gmt":"2021-05-05T16:00:18","guid":{"rendered":"https:\/\/charityforfriendship.com\/aukciok\/sabre-signed-by-szilagyi-aron-hungarian-sabre-fencer-team-world-champion-two-time-olympic-champion-and-european-champion\/"},"modified":"2025-03-11T18:35:46","modified_gmt":"2025-03-11T18:35:46","slug":"sabre-signed-by-szilagyi-aron-hungarian-sabre-fencer-team-world-champion-two-time-olympic-champion-and-european-champion","status":"publish","type":"product","link":"https:\/\/charityforfriendship.com\/en\/aukciok\/sabre-signed-by-szilagyi-aron-hungarian-sabre-fencer-team-world-champion-two-time-olympic-champion-and-european-champion\/","title":{"rendered":"sabre signed by SZIL\u00c1GYI \u00c1ron"},"content":{"rendered":"","protected":false},"excerpt":{"rendered":"<p>sabre signed by SZIL\u00c1GYI \u00c1ron, Hungarian sabre fencer, team world champion, two-time Olympic champion and European champion<\/p>\n<p>1 EURO = 358 HUF<\/p>\n","protected":false},"featured_media":647,"template":"","meta":{"_et_pb_use_builder":"","_et_pb_old_content":"","_et_gb_content_width":""},"product_brand":[],"product_cat":[59],"product_tag":[],"class_list":{"0":"post-744","1":"product","2":"type-product","3":"status-publish","4":"has-post-thumbnail","6":"product_cat-auctions","8":"first","9":"instock","10":"taxable","11":"shipping-taxable","12":"purchasable","13":"product-type-auction"},"_links":{"self":[{"href":"https:\/\/charityforfriendship.com\/en\/wp-json\/wp\/v2\/product\/744","targetHints":{"allow":["GET"]}}],"collection":[{"href":"https:\/\/charityforfriendship.com\/en\/wp-json\/wp\/v2\/product"}],"about":[{"href":"https:\/\/charityforfriendship.com\/en\/wp-json\/wp\/v2\/types\/product"}],"wp:featuredmedia":[{"embeddable":true,"href":"https:\/\/charityforfriendship.com\/en\/wp-json\/wp\/v2\/media\/647"}],"wp:attachment":[{"href":"https:\/\/charityforfriendship.com\/en\/wp-json\/wp\/v2\/media?parent=744"}],"wp:term":[{"taxonomy":"product_brand","embeddable":true,"href":"https:\/\/charityforfriendship.com\/en\/wp-json\/wp\/v2\/product_brand?post=744"},{"taxonomy":"product_cat","embeddable":true,"href":"https:\/\/charityforfriendship.com\/en\/wp-json\/wp\/v2\/product_cat?post=744"},{"taxonomy":"product_tag","embeddable":true,"href":"https:\/\/charityforfriendship.com\/en\/wp-json\/wp\/v2\/product_tag?post=744"}],"curies":[{"name":"wp","href":"https:\/\/api.w.org\/{rel}","templated":true}]}}